{"id":6281,"date":"2024-02-27T12:39:51","date_gmt":"2024-02-27T12:39:51","guid":{"rendered":"https:\/\/aldoautomatic.com\/?page_id=6281"},"modified":"2026-02-16T19:17:14","modified_gmt":"2026-02-16T19:17:14","slug":"porta-me-rreshqitje","status":"publish","type":"page","link":"https:\/\/aldoautomatic.com\/en\/porta-automatike\/porta-me-rreshqitje\/","title":{"rendered":"Porta me Rr\u00ebshqitje"},"content":{"rendered":"<p>[et_pb_section fb_built=&#8221;1&#8243; custom_padding_last_edited=&#8221;on|phone&#8221; _builder_version=&#8221;4.24.2&#8243; _module_preset=&#8221;default&#8221; custom_margin=&#8221;0px||0px||true|false&#8221; custom_margin_tablet=&#8221;&#8221; custom_margin_phone=&#8221;20px||||false|false&#8221; custom_margin_last_edited=&#8221;on|phone&#8221; custom_padding=&#8221;0px||0px||true|false&#8221; custom_padding_tablet=&#8221;||80px||false|false&#8221; custom_padding_phone=&#8221;||40px||false|false&#8221; global_colors_info=&#8221;{}&#8221;][et_pb_row column_structure=&#8221;1_2,1_2&#8243; use_custom_gutter=&#8221;on&#8221; gutter_width=&#8221;1&#8243; custom_padding_last_edited=&#8221;on|tablet&#8221; _builder_version=&#8221;4.24.2&#8243; _module_preset=&#8221;default&#8221; width=&#8221;95%&#8221; width_tablet=&#8221;95%&#8221; width_phone=&#8221;90%&#8221; width_last_edited=&#8221;on|phone&#8221; custom_margin=&#8221;1px||||false|false&#8221; custom_padding=&#8221;35px||35px||true|false&#8221; custom_padding_tablet=&#8221;0px||30px||false|false&#8221; custom_padding_phone=&#8221;||24px||false|false&#8221; custom_css_main_element=&#8221;display: flex;||align-items: center;&#8221; global_colors_info=&#8221;{}&#8221; custom_css_main_element_last_edited=&#8221;on|phone&#8221; custom_css_main_element_tablet=&#8221;display: flex;||flex-direction: column;&#8221; custom_css_main_element_phone=&#8221;display: flex;||flex-direction: column;&#8221;][et_pb_column type=&#8221;1_2&#8243; _builder_version=&#8221;4.24.0&#8243; _module_preset=&#8221;default&#8221; global_colors_info=&#8221;{}&#8221;][et_pb_blurb title=&#8221;PORTA AUTOMATIKE ME RR\u00cbSHQITJE&#8221; content_max_width=&#8221;100%&#8221; _builder_version=&#8221;4.24.2&#8243; _module_preset=&#8221;default&#8221; header_font=&#8221;Poppins|600|||||||&#8221; header_text_color=&#8221;#044386&#8243; header_font_size=&#8221;30px&#8221; header_line_height=&#8221;40px&#8221; body_font=&#8221;Poppins||||||||&#8221; body_text_color=&#8221;#000000&#8243; body_font_size=&#8221;17px&#8221; body_line_height=&#8221;28px&#8221; max_width=&#8221;600px&#8221; max_width_tablet=&#8221;100%&#8221; max_width_phone=&#8221;100%&#8221; max_width_last_edited=&#8221;on|desktop&#8221; custom_margin=&#8221;||24px||false|false&#8221; header_font_size_tablet=&#8221;26px&#8221; header_font_size_phone=&#8221;25px&#8221; header_font_size_last_edited=&#8221;on|tablet&#8221; header_line_height_tablet=&#8221;36px&#8221; header_line_height_phone=&#8221;40px&#8221; header_line_height_last_edited=&#8221;on|tablet&#8221; body_font_size_tablet=&#8221;15px&#8221; body_font_size_phone=&#8221;16px&#8221; body_font_size_last_edited=&#8221;on|phone&#8221; body_line_height_tablet=&#8221;25px&#8221; body_line_height_phone=&#8221;24px&#8221; body_line_height_last_edited=&#8221;on|tablet&#8221; custom_css_blurb_title=&#8221;padding-bottom: 16px;&#8221; locked=&#8221;off&#8221; global_colors_info=&#8221;{}&#8221; custom_css_blurb_title_last_edited=&#8221;on|tablet&#8221; custom_css_blurb_title_tablet=&#8221;padding-bottom: 13px;&#8221; custom_css_blurb_title_phone=&#8221;padding-bottom: 10px;&#8221;]<\/p>\n<p>P\u00ebrmir\u00ebsoni sigurin\u00eb dhe komoditetin e pron\u00ebs suaj me Porta Automatike me rr\u00ebshqitje t\u00eb trendit m\u00eb t\u00eb fundit. Me vite p\u00ebrvoj\u00eb n\u00eb industri, ne jemi t\u00eb p\u00ebrkushtuar p\u00ebr t\u00eb ofruar zgjidhje cil\u00ebsore, t\u00eb besueshme dhe inovative p\u00ebr t\u00eb p\u00ebrmbushur nevojat tuaja t\u00eb siguris\u00eb.<\/p>\n<p>Ekipi yn\u00eb i ekspert\u00ebve \u00ebsht\u00eb i p\u00ebrkushtuar p\u00ebr t\u00eb ofruar sh\u00ebrbime t\u00eb jasht\u00ebzakonshme ndaj klientit dhe p\u00ebr t\u00eb siguruar q\u00eb pritjet tuaja jo vet\u00ebm t\u00eb p\u00ebrmbushen, por edhe t\u00eb tejkalohen.<\/p>\n<p>[\/et_pb_blurb][\/et_pb_column][et_pb_column type=&#8221;1_2&#8243; _builder_version=&#8221;4.24.0&#8243; _module_preset=&#8221;default&#8221; global_colors_info=&#8221;{}&#8221;][et_pb_video src=&#8221;https:\/\/aldoautomatic.com\/wp-content\/uploads\/2024\/02\/Porta-Automatike-me-Rreshkitje-2.mp4&#8243; _builder_version=&#8221;4.27.5&#8243; _module_preset=&#8221;default&#8221; font_icon=&#8221;&#xf144;||fa||900&#8243; hover_enabled=&#8221;0&#8243; sticky_enabled=&#8221;0&#8243;][\/et_pb_video][\/et_pb_column][\/et_pb_row][et_pb_row column_structure=&#8221;1_4,1_4,1_2&#8243; custom_padding_last_edited=&#8221;on|phone&#8221; _builder_version=&#8221;4.27.5&#8243; _module_preset=&#8221;default&#8221; width=&#8221;95%&#8221; width_tablet=&#8221;95%&#8221; width_phone=&#8221;90%&#8221; width_last_edited=&#8221;on|phone&#8221; custom_margin=&#8221;50px||50px||true|false&#8221; custom_margin_tablet=&#8221;-12px||||false|false&#8221; custom_margin_phone=&#8221;-12px||||false|false&#8221; custom_margin_last_edited=&#8221;on|desktop&#8221; custom_padding=&#8221;10px||50px||false|false&#8221; custom_padding_tablet=&#8221;||80px||false|false&#8221; custom_padding_phone=&#8221;|0px|40px|0px|false|true&#8221; hover_enabled=&#8221;0&#8243; custom_css_main_element=&#8221;display: flex;||align-items: center;&#8221; global_colors_info=&#8221;{}&#8221; custom_css_main_element_last_edited=&#8221;on|tablet&#8221; custom_css_main_element_tablet=&#8221;display: flex;||flex-direction: column;&#8221; custom_css_main_element_phone=&#8221;display: flex;||flex-direction: column;&#8221; sticky_enabled=&#8221;0&#8243; use_custom_gutter=&#8221;on&#8221; gutter_width=&#8221;2&#8243;][et_pb_column type=&#8221;1_4&#8243; _builder_version=&#8221;4.18.0&#8243; _module_preset=&#8221;default&#8221; global_colors_info=&#8221;{}&#8221;][et_pb_video src=&#8221;https:\/\/aldoautomatic.com\/wp-content\/uploads\/2024\/02\/Porta-Automatike-me-Rreshkitje-1.mp4&#8243; _builder_version=&#8221;4.24.2&#8243; _module_preset=&#8221;default&#8221; global_colors_info=&#8221;{}&#8221;][\/et_pb_video][et_pb_video src=&#8221;https:\/\/aldoautomatic.com\/wp-content\/uploads\/2024\/02\/Porta-Automatike-me-Rreshqitje-3.mp4&#8243; _builder_version=&#8221;4.24.2&#8243; _module_preset=&#8221;default&#8221; global_colors_info=&#8221;{}&#8221;][\/et_pb_video][et_pb_video src=&#8221;https:\/\/aldoautomatic.com\/wp-content\/uploads\/2024\/02\/Porta-Automatike-me-Rreshqitje-2.mp4&#8243; _builder_version=&#8221;4.24.2&#8243; _module_preset=&#8221;default&#8221; global_colors_info=&#8221;{}&#8221;][\/et_pb_video][\/et_pb_column][et_pb_column type=&#8221;1_4&#8243; _builder_version=&#8221;4.18.0&#8243; _module_preset=&#8221;default&#8221; global_colors_info=&#8221;{}&#8221;][et_pb_video src=&#8221;https:\/\/aldoautomatic.com\/wp-content\/uploads\/2024\/03\/Porte-automatike-me-rreshkitje.mp4&#8243; _builder_version=&#8221;4.24.2&#8243; _module_preset=&#8221;default&#8221; global_colors_info=&#8221;{}&#8221;][\/et_pb_video][et_pb_video src=&#8221;https:\/\/aldoautomatic.com\/wp-content\/uploads\/2024\/03\/Porte-me-rreshkitje-me-pult.mp4&#8243; _builder_version=&#8221;4.24.2&#8243; _module_preset=&#8221;default&#8221; global_colors_info=&#8221;{}&#8221;][\/et_pb_video][et_pb_video src=&#8221;https:\/\/aldoautomatic.com\/wp-content\/uploads\/2024\/02\/Porta-Automatike-me-Rreshqitje-1.mp4&#8243; _builder_version=&#8221;4.24.2&#8243; _module_preset=&#8221;default&#8221; global_colors_info=&#8221;{}&#8221;][\/et_pb_video][\/et_pb_column][et_pb_column type=&#8221;1_2&#8243; _builder_version=&#8221;4.18.0&#8243; _module_preset=&#8221;default&#8221; global_colors_info=&#8221;{}&#8221;][et_pb_blurb title=&#8221;Ne ofrojm\u00eb sh\u00ebrbimet m\u00eb t\u00eb mira p\u00ebr ju.&#8221; content_max_width=&#8221;100%&#8221; _builder_version=&#8221;4.24.2&#8243; _module_preset=&#8221;default&#8221; header_font=&#8221;Poppins|600|||||||&#8221; header_text_color=&#8221;#044386&#8243; header_font_size=&#8221;25px&#8221; header_line_height=&#8221;40px&#8221; body_font=&#8221;Poppins||||||||&#8221; body_text_color=&#8221;#000000&#8243; body_font_size=&#8221;17px&#8221; body_line_height=&#8221;28px&#8221; custom_margin=&#8221;||24px||false|false&#8221; header_font_size_tablet=&#8221;26px&#8221; header_font_size_phone=&#8221;22px&#8221; header_font_size_last_edited=&#8221;on|tablet&#8221; header_line_height_tablet=&#8221;36px&#8221; header_line_height_phone=&#8221;32px&#8221; header_line_height_last_edited=&#8221;on|tablet&#8221; body_font_size_tablet=&#8221;15px&#8221; body_font_size_phone=&#8221;16px&#8221; body_font_size_last_edited=&#8221;on|phone&#8221; body_line_height_tablet=&#8221;25px&#8221; body_line_height_phone=&#8221;24px&#8221; body_line_height_last_edited=&#8221;on|tablet&#8221; custom_css_blurb_title=&#8221;padding-bottom: 16px;&#8221; global_colors_info=&#8221;{}&#8221; custom_css_blurb_title_last_edited=&#8221;on|tablet&#8221; custom_css_blurb_title_tablet=&#8221;padding-bottom: 13px;&#8221; custom_css_blurb_title_phone=&#8221;padding-bottom: 10px;&#8221;]<\/p>\n<p>Kujdesemi q\u00eb t\u00eb ofrojm\u00eb sh\u00ebrbime profesionale, t\u00eb garantuara p\u00ebr p\u00ebrdorimin e p\u00ebrditsh\u00ebm si dhe me kosto t\u00eb arsyeshme. Ju sh\u00ebrbejm\u00eb kudo q\u00eb ndodheni n\u00eb Tiran\u00eb, Durr\u00ebs si dhe kudo n\u00eb Shqip\u00ebri.<\/p>\n<p>[\/et_pb_blurb][et_pb_accordion open_toggle_text_color=&#8221;#e71926&#8243; open_toggle_background_color=&#8221;#FFFFFF&#8221; closed_toggle_background_color=&#8221;#203970&#8243; icon_color=&#8221;#e71926&#8243; _builder_version=&#8221;4.24.2&#8243; _module_preset=&#8221;default&#8221; toggle_text_color=&#8221;#FFFFFF&#8221; toggle_font_size=&#8221;18px&#8221; closed_toggle_font_size=&#8221;17px&#8221; body_text_color=&#8221;#203970&#8243; body_font_size=&#8221;16px&#8221; locked=&#8221;off&#8221; global_colors_info=&#8221;{}&#8221;][et_pb_accordion_item title=&#8221;Ju kursejm\u00eb koh\u00eb dhe para&#8221; open=&#8221;on&#8221; _builder_version=&#8221;4.24.2&#8243; _module_preset=&#8221;default&#8221; global_colors_info=&#8221;{}&#8221;]<\/p>\n<p>Operojm\u00eb n\u00eb koh\u00eb t\u00eb shpejt\u00eb dhe me \u00e7mime t\u00eb arsyeshme.<\/p>\n<p>[\/et_pb_accordion_item][et_pb_accordion_item title=&#8221;Prodhim sipas k\u00ebrkes\u00ebs&#8221; _builder_version=&#8221;4.24.2&#8243; _module_preset=&#8221;default&#8221; global_colors_info=&#8221;{}&#8221; open=&#8221;off&#8221;]Prodhim cil\u00ebsor duke iu p\u00ebrshtatur ambjentit dhe nevoj\u00ebs tuaj.[\/et_pb_accordion_item][et_pb_accordion_item title=&#8221;Instalim Profesional&#8221; _builder_version=&#8221;4.24.2&#8243; _module_preset=&#8221;default&#8221; global_colors_info=&#8221;{}&#8221; open=&#8221;off&#8221;]<\/p>\n<p>Instalimi i Port\u00ebs n\u00eb m\u00ebnyr\u00eb profesionale.<\/p>\n<p>[\/et_pb_accordion_item][et_pb_accordion_item title=&#8221;Riparim dhe mir\u00ebmbajtje&#8221; _builder_version=&#8221;4.24.2&#8243; _module_preset=&#8221;default&#8221; global_colors_info=&#8221;{}&#8221; open=&#8221;off&#8221;]<\/p>\n<p>N\u00ebse keni probleme apo d\u00ebshironi t\u00eb mir\u00ebmbani port\u00ebn tuaj me ne, ne jua mund\u00ebsojm\u00eb k\u00ebt\u00eb sh\u00ebrbim me p\u00ebrkushtim dhe profesionaliz\u00ebm.<\/p>\n<p>[\/et_pb_accordion_item][\/et_pb_accordion][\/et_pb_column][\/et_pb_row][\/et_pb_section]<\/p>\n","protected":false},"excerpt":{"rendered":"<p>P\u00ebrmir\u00ebsoni sigurin\u00eb dhe komoditetin e pron\u00ebs suaj me Porta Automatike me rr\u00ebshqitje t\u00eb trendit m\u00eb t\u00eb fundit. Me vite p\u00ebrvoj\u00eb n\u00eb industri, ne jemi t\u00eb p\u00ebrkushtuar p\u00ebr t\u00eb ofruar zgjidhje cil\u00ebsore, t\u00eb besueshme dhe inovative p\u00ebr t\u00eb p\u00ebrmbushur nevojat tuaja t\u00eb siguris\u00eb. Ekipi yn\u00eb i ekspert\u00ebve \u00ebsht\u00eb i p\u00ebrkushtuar p\u00ebr t\u00eb ofruar sh\u00ebrbime t\u00eb jasht\u00ebzakonshme [&hellip;]<\/p>\n","protected":false},"author":1,"featured_media":0,"parent":5983,"menu_order":1,"comment_status":"closed","ping_status":"closed","template":"","meta":{"_et_pb_use_builder":"on","_et_pb_old_content":"","_et_gb_content_width":"","footnotes":""},"class_list":["post-6281","page","type-page","status-publish","hentry"],"aioseo_notices":[],"_links":{"self":[{"href":"https:\/\/aldoautomatic.com\/en\/wp-json\/wp\/v2\/pages\/6281","targetHints":{"allow":["GET"]}}],"collection":[{"href":"https:\/\/aldoautomatic.com\/en\/wp-json\/wp\/v2\/pages"}],"about":[{"href":"https:\/\/aldoautomatic.com\/en\/wp-json\/wp\/v2\/types\/page"}],"author":[{"embeddable":true,"href":"https:\/\/aldoautomatic.com\/en\/wp-json\/wp\/v2\/users\/1"}],"replies":[{"embeddable":true,"href":"https:\/\/aldoautomatic.com\/en\/wp-json\/wp\/v2\/comments?post=6281"}],"version-history":[{"count":4,"href":"https:\/\/aldoautomatic.com\/en\/wp-json\/wp\/v2\/pages\/6281\/revisions"}],"predecessor-version":[{"id":6560,"href":"https:\/\/aldoautomatic.com\/en\/wp-json\/wp\/v2\/pages\/6281\/revisions\/6560"}],"up":[{"embeddable":true,"href":"https:\/\/aldoautomatic.com\/en\/wp-json\/wp\/v2\/pages\/5983"}],"wp:attachment":[{"href":"https:\/\/aldoautomatic.com\/en\/wp-json\/wp\/v2\/media?parent=6281"}],"curies":[{"name":"wp","href":"https:\/\/api.w.org\/{rel}","templated":true}]}}