{"id":6279,"date":"2024-02-27T12:39:19","date_gmt":"2024-02-27T12:39:19","guid":{"rendered":"https:\/\/aldoautomatic.com\/?page_id=6279"},"modified":"2024-02-29T19:39:12","modified_gmt":"2024-02-29T19:39:12","slug":"porta-xhami-me-fotoelement","status":"publish","type":"page","link":"http:\/\/aldoautomatic.com\/en\/porta-xhami-me-fotoelement\/","title":{"rendered":"Glass Door with Photoelement"},"content":{"rendered":"<p>[et_pb_section fb_built=&#8221;1&#8243; custom_padding_last_edited=&#8221;on|phone&#8221; _builder_version=&#8221;4.24.2&#8243; _module_preset=&#8221;default&#8221; custom_margin_tablet=&#8221;&#8221; custom_margin_phone=&#8221;20px||||false|false&#8221; custom_margin_last_edited=&#8221;on|phone&#8221; custom_padding=&#8221;0px||0px||true|false&#8221; custom_padding_tablet=&#8221;||80px||false|false&#8221; custom_padding_phone=&#8221;||40px||false|false&#8221; global_colors_info=&#8221;{}&#8221;][et_pb_row column_structure=&#8221;1_2,1_4,1_4&#8243; use_custom_gutter=&#8221;on&#8221; gutter_width=&#8221;2&#8243; custom_padding_last_edited=&#8221;on|tablet&#8221; _builder_version=&#8221;4.24.2&#8243; _module_preset=&#8221;default&#8221; width=&#8221;95%&#8221; width_tablet=&#8221;95%&#8221; width_phone=&#8221;95%&#8221; width_last_edited=&#8221;on|phone&#8221; custom_margin=&#8221;1px||||false|false&#8221; custom_padding=&#8221;35px||35px||true|false&#8221; custom_padding_tablet=&#8221;0px||30px||false|false&#8221; custom_padding_phone=&#8221;||24px||false|false&#8221; custom_css_main_element=&#8221;display: flex;||align-items: center;&#8221; global_colors_info=&#8221;{}&#8221; custom_css_main_element_last_edited=&#8221;on|phone&#8221; custom_css_main_element_tablet=&#8221;display: flex;||flex-direction: column;&#8221; custom_css_main_element_phone=&#8221;display: flex;||flex-direction: column;&#8221;][et_pb_column type=&#8221;1_2&#8243; _builder_version=&#8221;4.24.0&#8243; _module_preset=&#8221;default&#8221; global_colors_info=&#8221;{}&#8221;][et_pb_blurb title=&#8221;PORTA AUTOMATIKE ME FOTOELEMENT&#8221; content_max_width=&#8221;100%&#8221; _builder_version=&#8221;4.24.2&#8243; _module_preset=&#8221;default&#8221; header_font=&#8221;Poppins|600|||||||&#8221; header_text_color=&#8221;#044386&#8243; header_font_size=&#8221;35px&#8221; header_line_height=&#8221;50px&#8221; body_font=&#8221;Poppins||||||||&#8221; body_text_color=&#8221;#000000&#8243; body_font_size=&#8221;17px&#8221; body_line_height=&#8221;28px&#8221; max_width=&#8221;600px&#8221; max_width_tablet=&#8221;100%&#8221; max_width_phone=&#8221;100%&#8221; max_width_last_edited=&#8221;on|desktop&#8221; custom_margin=&#8221;||8px||false|false&#8221; header_font_size_tablet=&#8221;26px&#8221; header_font_size_phone=&#8221;25px&#8221; header_font_size_last_edited=&#8221;on|tablet&#8221; header_line_height_tablet=&#8221;36px&#8221; header_line_height_phone=&#8221;40px&#8221; header_line_height_last_edited=&#8221;on|tablet&#8221; body_font_size_tablet=&#8221;15px&#8221; body_font_size_phone=&#8221;16px&#8221; body_font_size_last_edited=&#8221;on|phone&#8221; body_line_height_tablet=&#8221;25px&#8221; body_line_height_phone=&#8221;24px&#8221; body_line_height_last_edited=&#8221;on|tablet&#8221; custom_css_blurb_title=&#8221;padding-bottom: 16px;&#8221; locked=&#8221;off&#8221; global_colors_info=&#8221;{}&#8221; custom_css_blurb_title_last_edited=&#8221;on|tablet&#8221; custom_css_blurb_title_tablet=&#8221;padding-bottom: 13px;&#8221; custom_css_blurb_title_phone=&#8221;padding-bottom: 10px;&#8221;]<\/p>\n<p>Porta Automatike Xhami me Foto-Element, porta t\u00eb cilat hapen me detektimin e l\u00ebvizjeve, me buton touch control ose me akses kontroll.<\/p>\n<p>P\u00ebrdoren n\u00ebp\u00ebr markete, qendra tregtare, hoteleri, klinika dhe n\u00eb ambjente ku d\u00ebshirojn\u00eb komoditet n\u00eb hapje-mbylljen e dyerve.<\/p>\n<p>Ekipi yn\u00eb i ekspert\u00ebve \u00ebsht\u00eb i p\u00ebrkushtuar p\u00ebr t\u00eb ofruar sh\u00ebrbime t\u00eb jasht\u00ebzakonshme ndaj klientit dhe p\u00ebr t\u00eb siguruar q\u00eb pritjet tuaja jo vet\u00ebm t\u00eb p\u00ebrmbushen, por edhe t\u00eb tejkalohen.<\/p>\n<p>[\/et_pb_blurb][\/et_pb_column][et_pb_column type=&#8221;1_4&#8243; _builder_version=&#8221;4.24.0&#8243; _module_preset=&#8221;default&#8221; global_colors_info=&#8221;{}&#8221;][et_pb_video src=&#8221;https:\/\/aldoautomatic.com\/wp-content\/uploads\/2024\/02\/Porta-Xhami-me-Fotoelement.mp4&#8243; play_icon_color=&#8221;#044386&#8243; font_icon=&#8221;&#xe0a3;||divi||400&#8243; use_icon_font_size=&#8221;on&#8221; _builder_version=&#8221;4.24.2&#8243; _module_preset=&#8221;default&#8221; global_colors_info=&#8221;{}&#8221;][\/et_pb_video][\/et_pb_column][et_pb_column type=&#8221;1_4&#8243; _builder_version=&#8221;4.24.0&#8243; _module_preset=&#8221;default&#8221; global_colors_info=&#8221;{}&#8221;][et_pb_video src=&#8221;https:\/\/aldoautomatic.com\/wp-content\/uploads\/2024\/02\/Porte-Xhami-me-Fotoelement.mp4&#8243; play_icon_color=&#8221;#044386&#8243; font_icon=&#8221;&#xe0a3;||divi||400&#8243; use_icon_font_size=&#8221;on&#8221; _builder_version=&#8221;4.24.2&#8243; _module_preset=&#8221;default&#8221; global_colors_info=&#8221;{}&#8221;][\/et_pb_video][\/et_pb_column][\/et_pb_row][et_pb_row custom_padding_last_edited=&#8221;on|phone&#8221; _builder_version=&#8221;4.24.2&#8243; _module_preset=&#8221;default&#8221; width=&#8221;95%&#8221; width_tablet=&#8221;95%&#8221; width_phone=&#8221;95%&#8221; width_last_edited=&#8221;on|phone&#8221; custom_padding=&#8221;0px||10px||false|false&#8221; custom_padding_tablet=&#8221;||80px||false|false&#8221; custom_padding_phone=&#8221;|0px|0px|0px|false|true&#8221; custom_css_main_element=&#8221;display: flex;||align-items: center;&#8221; global_colors_info=&#8221;{}&#8221; custom_css_main_element_last_edited=&#8221;on|tablet&#8221; custom_css_main_element_tablet=&#8221;display: flex;||flex-direction: column;&#8221; custom_css_main_element_phone=&#8221;display: flex;||flex-direction: column;&#8221;][et_pb_column type=&#8221;4_4&#8243; _builder_version=&#8221;4.18.0&#8243; _module_preset=&#8221;default&#8221; global_colors_info=&#8221;{}&#8221;][et_pb_blurb title=&#8221;Ne ofrojm\u00eb sh\u00ebrbimet m\u00eb t\u00eb mira p\u00ebr ju.&#8221; content_max_width=&#8221;100%&#8221; _builder_version=&#8221;4.24.2&#8243; _module_preset=&#8221;default&#8221; header_font=&#8221;Poppins|600|||||||&#8221; header_text_color=&#8221;#044386&#8243; header_font_size=&#8221;30px&#8221; header_line_height=&#8221;40px&#8221; body_font=&#8221;Poppins||||||||&#8221; body_text_color=&#8221;#000000&#8243; body_font_size=&#8221;17px&#8221; body_line_height=&#8221;28px&#8221; custom_margin=&#8221;-44px||24px||false|false&#8221; hover_enabled=&#8221;0&#8243; header_font_size_tablet=&#8221;26px&#8221; header_font_size_phone=&#8221;22px&#8221; header_font_size_last_edited=&#8221;on|tablet&#8221; header_line_height_tablet=&#8221;36px&#8221; header_line_height_phone=&#8221;32px&#8221; header_line_height_last_edited=&#8221;on|tablet&#8221; body_font_size_tablet=&#8221;15px&#8221; body_font_size_phone=&#8221;16px&#8221; body_font_size_last_edited=&#8221;on|phone&#8221; body_line_height_tablet=&#8221;25px&#8221; body_line_height_phone=&#8221;24px&#8221; body_line_height_last_edited=&#8221;on|tablet&#8221; custom_css_blurb_title=&#8221;padding-bottom: 16px;&#8221; global_colors_info=&#8221;{}&#8221; custom_css_blurb_title_last_edited=&#8221;on|tablet&#8221; custom_css_blurb_title_tablet=&#8221;padding-bottom: 13px;&#8221; custom_css_blurb_title_phone=&#8221;padding-bottom: 10px;&#8221; sticky_enabled=&#8221;0&#8243;]<\/p>\n<p>Kujdesemi q\u00eb t\u00eb ofrojm\u00eb sh\u00ebrbime profesionale, t\u00eb garantuara p\u00ebr p\u00ebrdorimin e p\u00ebrditsh\u00ebm si dhe me kosto t\u00eb arsyeshme. Ju sh\u00ebrbejm\u00eb kudo q\u00eb ndodheni n\u00eb Tiran\u00eb, Durr\u00ebs si dhe kudo n\u00eb Shqip\u00ebri.<\/p>\n<p>[\/et_pb_blurb][et_pb_video src=&#8221;https:\/\/aldoautomatic.com\/wp-content\/uploads\/2024\/02\/Aldo-Automatic.mp4&#8243; play_icon_color=&#8221;#044386&#8243; font_icon=&#8221;&#xf144;||fa||400&#8243; use_icon_font_size=&#8221;on&#8221; _builder_version=&#8221;4.24.2&#8243; _module_preset=&#8221;default&#8221; locked=&#8221;off&#8221; global_colors_info=&#8221;{}&#8221;][\/et_pb_video][\/et_pb_column][\/et_pb_row][\/et_pb_section]<\/p>\n","protected":false},"excerpt":{"rendered":"<p>Porta Automatike Xhami me Foto-Element, porta t\u00eb cilat hapen me detektimin e l\u00ebvizjeve, me buton touch control ose me akses kontroll. P\u00ebrdoren n\u00ebp\u00ebr markete, qendra tregtare, hoteleri, klinika dhe n\u00eb ambjente ku d\u00ebshirojn\u00eb komoditet n\u00eb hapje-mbylljen e dyerve. Ekipi yn\u00eb i ekspert\u00ebve \u00ebsht\u00eb i p\u00ebrkushtuar p\u00ebr t\u00eb ofruar sh\u00ebrbime t\u00eb jasht\u00ebzakonshme ndaj klientit dhe p\u00ebr [&hellip;]<\/p>\n","protected":false},"author":1,"featured_media":0,"parent":0,"menu_order":0,"comment_status":"closed","ping_status":"closed","template":"","meta":{"_et_pb_use_builder":"on","_et_pb_old_content":"","_et_gb_content_width":"","footnotes":""},"class_list":["post-6279","page","type-page","status-publish","hentry"],"aioseo_notices":[],"_links":{"self":[{"href":"http:\/\/aldoautomatic.com\/en\/wp-json\/wp\/v2\/pages\/6279","targetHints":{"allow":["GET"]}}],"collection":[{"href":"http:\/\/aldoautomatic.com\/en\/wp-json\/wp\/v2\/pages"}],"about":[{"href":"http:\/\/aldoautomatic.com\/en\/wp-json\/wp\/v2\/types\/page"}],"author":[{"embeddable":true,"href":"http:\/\/aldoautomatic.com\/en\/wp-json\/wp\/v2\/users\/1"}],"replies":[{"embeddable":true,"href":"http:\/\/aldoautomatic.com\/en\/wp-json\/wp\/v2\/comments?post=6279"}],"version-history":[{"count":0,"href":"http:\/\/aldoautomatic.com\/en\/wp-json\/wp\/v2\/pages\/6279\/revisions"}],"wp:attachment":[{"href":"http:\/\/aldoautomatic.com\/en\/wp-json\/wp\/v2\/media?parent=6279"}],"curies":[{"name":"wp","href":"https:\/\/api.w.org\/{rel}","templated":true}]}}