{"id":5986,"date":"2024-02-24T17:21:02","date_gmt":"2024-02-24T17:21:02","guid":{"rendered":"https:\/\/aldoautomatic.com\/?page_id=5986"},"modified":"2026-02-16T19:30:26","modified_gmt":"2026-02-16T19:30:26","slug":"sisteme-automatike","status":"publish","type":"page","link":"http:\/\/aldoautomatic.com\/en\/sisteme-automatike\/","title":{"rendered":"Automatic Systems"},"content":{"rendered":"<p>[et_pb_section fb_built=&#8221;1&#8243; custom_padding_last_edited=&#8221;on|phone&#8221; _builder_version=&#8221;4.24.2&#8243; _module_preset=&#8221;default&#8221; custom_margin_tablet=&#8221;&#8221; custom_margin_phone=&#8221;20px||||false|false&#8221; custom_margin_last_edited=&#8221;on|phone&#8221; custom_padding=&#8221;0px||0px||true|false&#8221; custom_padding_tablet=&#8221;||80px||false|false&#8221; custom_padding_phone=&#8221;||40px||false|false&#8221; global_colors_info=&#8221;{}&#8221;][et_pb_row column_structure=&#8221;1_2,1_4,1_4&#8243; use_custom_gutter=&#8221;on&#8221; gutter_width=&#8221;2&#8243; custom_padding_last_edited=&#8221;on|tablet&#8221; _builder_version=&#8221;4.24.2&#8243; _module_preset=&#8221;default&#8221; width=&#8221;95%&#8221; width_tablet=&#8221;95%&#8221; width_phone=&#8221;90%&#8221; width_last_edited=&#8221;on|phone&#8221; custom_margin=&#8221;1px||||false|false&#8221; custom_padding=&#8221;35px||35px||true|false&#8221; custom_padding_tablet=&#8221;0px||30px||false|false&#8221; custom_padding_phone=&#8221;||24px||false|false&#8221; custom_css_main_element=&#8221;display: flex;||align-items: center;&#8221; global_colors_info=&#8221;{}&#8221; custom_css_main_element_last_edited=&#8221;on|phone&#8221; custom_css_main_element_tablet=&#8221;display: flex;||flex-direction: column;&#8221; custom_css_main_element_phone=&#8221;display: flex;||flex-direction: column;&#8221;][et_pb_column type=&#8221;1_2&#8243; _builder_version=&#8221;4.24.0&#8243; _module_preset=&#8221;default&#8221; global_colors_info=&#8221;{}&#8221;][et_pb_blurb title=&#8221;SISTEME AUTOMATIKE&#8221; content_max_width=&#8221;100%&#8221; _builder_version=&#8221;4.24.2&#8243; _module_preset=&#8221;default&#8221; header_font=&#8221;Poppins|600|||||||&#8221; header_text_color=&#8221;#044386&#8243; header_font_size=&#8221;35px&#8221; header_line_height=&#8221;40px&#8221; body_font=&#8221;Poppins||||||||&#8221; body_text_color=&#8221;#000000&#8243; body_font_size=&#8221;17px&#8221; body_line_height=&#8221;28px&#8221; max_width=&#8221;600px&#8221; max_width_tablet=&#8221;100%&#8221; max_width_phone=&#8221;100%&#8221; max_width_last_edited=&#8221;on|desktop&#8221; custom_margin=&#8221;||24px||false|false&#8221; header_font_size_tablet=&#8221;26px&#8221; header_font_size_phone=&#8221;25px&#8221; header_font_size_last_edited=&#8221;on|tablet&#8221; header_line_height_tablet=&#8221;36px&#8221; header_line_height_phone=&#8221;32px&#8221; header_line_height_last_edited=&#8221;on|tablet&#8221; body_font_size_tablet=&#8221;15px&#8221; body_font_size_phone=&#8221;16px&#8221; body_font_size_last_edited=&#8221;on|phone&#8221; body_line_height_tablet=&#8221;25px&#8221; body_line_height_phone=&#8221;24px&#8221; body_line_height_last_edited=&#8221;on|tablet&#8221; custom_css_blurb_title=&#8221;padding-bottom: 16px;&#8221; locked=&#8221;off&#8221; global_colors_info=&#8221;{}&#8221; custom_css_blurb_title_last_edited=&#8221;on|tablet&#8221; custom_css_blurb_title_tablet=&#8221;padding-bottom: 13px;&#8221; custom_css_blurb_title_phone=&#8221;padding-bottom: 10px;&#8221;]<\/p>\n<p>Ofrojm\u00eb sisteme automatike me komandim me wiffi nga celulari juaj apo me komandim me telekomand\u00eb. Gjithashtu, hyrje-dalje me kart\u00eb.<\/p>\n<p>Sh\u00ebrbim Instalimi apo Riparimi p\u00ebr Semafor\u00eb n\u00eb rrug\u00eb automobilistike apo p\u00ebr p\u00ebrdorime t\u00eb ndryshme biznesi apo shtet\u00ebror.<\/p>\n<p>Sisteme Automatike p\u00ebr qendra tregtare, dyqane apo p\u00ebrdorime t\u00eb ndryshme n\u00ebp\u00ebr biznese, sht\u00ebpi apo industri.<\/p>\n<p>[\/et_pb_blurb][\/et_pb_column][et_pb_column type=&#8221;1_4&#8243; _builder_version=&#8221;4.24.2&#8243; _module_preset=&#8221;default&#8221; global_colors_info=&#8221;{}&#8221;][et_pb_image src=&#8221;https:\/\/aldoautomatic.com\/wp-content\/uploads\/2024\/02\/Semafor-Sitstem-Automatik.jpeg&#8221; title_text=&#8221;Semafor Sitstem Automatik&#8221; _builder_version=&#8221;4.24.2&#8243; _module_preset=&#8221;default&#8221; locked=&#8221;off&#8221; global_colors_info=&#8221;{}&#8221;][\/et_pb_image][\/et_pb_column][et_pb_column type=&#8221;1_4&#8243; _builder_version=&#8221;4.24.0&#8243; _module_preset=&#8221;default&#8221; global_colors_info=&#8221;{}&#8221;][et_pb_video src=&#8221;https:\/\/aldoautomatic.com\/wp-content\/uploads\/2024\/03\/Sisteme-Automatike.mp4&#8243; _builder_version=&#8221;4.27.5&#8243; _module_preset=&#8221;default&#8221; hover_enabled=&#8221;0&#8243; sticky_enabled=&#8221;0&#8243;][\/et_pb_video][\/et_pb_column][\/et_pb_row][et_pb_row column_structure=&#8221;1_6,1_6,1_6,1_2&#8243; use_custom_gutter=&#8221;on&#8221; gutter_width=&#8221;2&#8243; custom_padding_last_edited=&#8221;on|phone&#8221; _builder_version=&#8221;4.27.5&#8243; _module_preset=&#8221;default&#8221; width=&#8221;95%&#8221; width_tablet=&#8221;95%&#8221; width_phone=&#8221;90%&#8221; width_last_edited=&#8221;on|phone&#8221; custom_padding=&#8221;0px||50px||false|false&#8221; custom_padding_tablet=&#8221;||80px||false|false&#8221; custom_padding_phone=&#8221;||0px||false|false&#8221; hover_enabled=&#8221;0&#8243; custom_css_main_element=&#8221;display: flex;||align-items: center;&#8221; global_colors_info=&#8221;{}&#8221; custom_css_main_element_last_edited=&#8221;on|tablet&#8221; custom_css_main_element_tablet=&#8221;display: flex;||flex-direction: column;&#8221; custom_css_main_element_phone=&#8221;display: flex;||flex-direction: column;&#8221; custom_margin=&#8221;60px||20px||false|false&#8221; sticky_enabled=&#8221;0&#8243;][et_pb_column type=&#8221;1_6&#8243; _builder_version=&#8221;4.18.0&#8243; _module_preset=&#8221;default&#8221; global_colors_info=&#8221;{}&#8221;][et_pb_video src=&#8221;https:\/\/aldoautomatic.com\/wp-content\/uploads\/2024\/02\/Sisteme-Automatike-_-Qepana-Automatik.mp4&#8243; play_icon_color=&#8221;#E09900&#8243; font_icon=&#8221;&#xf144;||fa||900&#8243; _builder_version=&#8221;4.24.2&#8243; _module_preset=&#8221;default&#8221; global_colors_info=&#8221;{}&#8221;][\/et_pb_video][\/et_pb_column][et_pb_column type=&#8221;1_6&#8243; _builder_version=&#8221;4.18.0&#8243; _module_preset=&#8221;default&#8221; global_colors_info=&#8221;{}&#8221;][et_pb_video src=&#8221;https:\/\/aldoautomatic.com\/wp-content\/uploads\/2024\/02\/Sisteme-Automatike-Porte-me-Hapje-me-Pult.mp4&#8243; play_icon_color=&#8221;#E09900&#8243; font_icon=&#8221;&#xf144;||fa||900&#8243; _builder_version=&#8221;4.24.2&#8243; _module_preset=&#8221;default&#8221; global_colors_info=&#8221;{}&#8221;][\/et_pb_video][\/et_pb_column][et_pb_column type=&#8221;1_6&#8243; _builder_version=&#8221;4.18.0&#8243; _module_preset=&#8221;default&#8221; global_colors_info=&#8221;{}&#8221;][et_pb_video src=&#8221;https:\/\/aldoautomatic.com\/wp-content\/uploads\/2024\/02\/Pistona-Automatik.mp4&#8243; play_icon_color=&#8221;#E09900&#8243; font_icon=&#8221;&#xf144;||fa||900&#8243; _builder_version=&#8221;4.24.2&#8243; _module_preset=&#8221;default&#8221; global_colors_info=&#8221;{}&#8221;][\/et_pb_video][\/et_pb_column][et_pb_column type=&#8221;1_2&#8243; _builder_version=&#8221;4.18.0&#8243; _module_preset=&#8221;default&#8221; global_colors_info=&#8221;{}&#8221;][et_pb_accordion open_toggle_text_color=&#8221;#e71926&#8243; open_toggle_background_color=&#8221;#FFFFFF&#8221; closed_toggle_background_color=&#8221;#203970&#8243; icon_color=&#8221;#e71926&#8243; _builder_version=&#8221;4.24.2&#8243; _module_preset=&#8221;default&#8221; toggle_text_color=&#8221;#FFFFFF&#8221; toggle_font_size=&#8221;18px&#8221; closed_toggle_font_size=&#8221;17px&#8221; body_text_color=&#8221;#203970&#8243; body_font_size=&#8221;16px&#8221; global_colors_info=&#8221;{}&#8221;][et_pb_accordion_item title=&#8221;Ju kursejm\u00eb koh\u00eb dhe para&#8221; open=&#8221;on&#8221; _builder_version=&#8221;4.24.2&#8243; _module_preset=&#8221;default&#8221; global_colors_info=&#8221;{}&#8221;]<\/p>\n<p>Operojm\u00eb n\u00eb koh\u00eb t\u00eb shpejt\u00eb dhe me \u00e7mime t\u00eb arsyeshme.<\/p>\n<p>[\/et_pb_accordion_item][et_pb_accordion_item title=&#8221;Instalim Profesional&#8221; _builder_version=&#8221;4.24.2&#8243; _module_preset=&#8221;default&#8221; global_colors_info=&#8221;{}&#8221; open=&#8221;off&#8221;]<\/p>\n<p>Instalim n\u00eb m\u00ebnyr\u00eb profesionale t\u00eb t\u00eb gjith\u00eb sistemeve automatike.<\/p>\n<p>[\/et_pb_accordion_item][et_pb_accordion_item title=&#8221;Riparim dhe mir\u00ebmbajtje&#8221; _builder_version=&#8221;4.24.2&#8243; _module_preset=&#8221;default&#8221; global_colors_info=&#8221;{}&#8221; open=&#8221;off&#8221;]<\/p>\n<p>N\u00ebse keni probleme apo d\u00ebshironi t\u00eb mir\u00ebmbani Sistemet Automatike t\u00eb ndryshme q\u00eb keni, ne jua mund\u00ebsojm\u00eb k\u00ebt\u00eb sh\u00ebrbim me p\u00ebrkushtim dhe profesionaliz\u00ebm.<\/p>\n<p>[\/et_pb_accordion_item][\/et_pb_accordion][\/et_pb_column][\/et_pb_row][\/et_pb_section]<\/p>\n","protected":false},"excerpt":{"rendered":"<p>Ofrojm\u00eb sisteme automatike me komandim me wiffi nga celulari juaj apo me komandim me telekomand\u00eb. Gjithashtu, hyrje-dalje me kart\u00eb. Sh\u00ebrbim Instalimi apo Riparimi p\u00ebr Semafor\u00eb n\u00eb rrug\u00eb automobilistike apo p\u00ebr p\u00ebrdorime t\u00eb ndryshme biznesi apo shtet\u00ebror. Sisteme Automatike p\u00ebr qendra tregtare, dyqane apo p\u00ebrdorime t\u00eb ndryshme n\u00ebp\u00ebr biznese, sht\u00ebpi apo industri.Operojm\u00eb n\u00eb koh\u00eb t\u00eb shpejt\u00eb [&hellip;]<\/p>\n","protected":false},"author":1,"featured_media":0,"parent":0,"menu_order":0,"comment_status":"closed","ping_status":"closed","template":"","meta":{"_et_pb_use_builder":"on","_et_pb_old_content":"","_et_gb_content_width":"","footnotes":""},"class_list":["post-5986","page","type-page","status-publish","hentry"],"aioseo_notices":[],"_links":{"self":[{"href":"http:\/\/aldoautomatic.com\/en\/wp-json\/wp\/v2\/pages\/5986","targetHints":{"allow":["GET"]}}],"collection":[{"href":"http:\/\/aldoautomatic.com\/en\/wp-json\/wp\/v2\/pages"}],"about":[{"href":"http:\/\/aldoautomatic.com\/en\/wp-json\/wp\/v2\/types\/page"}],"author":[{"embeddable":true,"href":"http:\/\/aldoautomatic.com\/en\/wp-json\/wp\/v2\/users\/1"}],"replies":[{"embeddable":true,"href":"http:\/\/aldoautomatic.com\/en\/wp-json\/wp\/v2\/comments?post=5986"}],"version-history":[{"count":3,"href":"http:\/\/aldoautomatic.com\/en\/wp-json\/wp\/v2\/pages\/5986\/revisions"}],"predecessor-version":[{"id":6565,"href":"http:\/\/aldoautomatic.com\/en\/wp-json\/wp\/v2\/pages\/5986\/revisions\/6565"}],"wp:attachment":[{"href":"http:\/\/aldoautomatic.com\/en\/wp-json\/wp\/v2\/media?parent=5986"}],"curies":[{"name":"wp","href":"https:\/\/api.w.org\/{rel}","templated":true}]}}