{"id":5991,"date":"2024-02-24T17:21:39","date_gmt":"2024-02-24T17:21:39","guid":{"rendered":"https:\/\/aldoautomatic.com\/?page_id=5991"},"modified":"2026-02-16T19:32:18","modified_gmt":"2026-02-16T19:32:18","slug":"motorra-aksesore","status":"publish","type":"page","link":"http:\/\/aldoautomatic.com\/al\/motorra-aksesore\/","title":{"rendered":"Motorra &#038; Aksesor\u00eb"},"content":{"rendered":"<p>[et_pb_section fb_built=&#8221;1&#8243; custom_padding_last_edited=&#8221;on|phone&#8221; _builder_version=&#8221;4.24.2&#8243; _module_preset=&#8221;default&#8221; custom_margin_tablet=&#8221;&#8221; custom_margin_phone=&#8221;20px||||false|false&#8221; custom_margin_last_edited=&#8221;on|phone&#8221; custom_padding=&#8221;0px||0px||true|false&#8221; custom_padding_tablet=&#8221;||80px||false|false&#8221; custom_padding_phone=&#8221;||40px||false|false&#8221; global_colors_info=&#8221;{}&#8221;][et_pb_row column_structure=&#8221;1_2,1_2&#8243; use_custom_gutter=&#8221;on&#8221; gutter_width=&#8221;1&#8243; custom_padding_last_edited=&#8221;on|tablet&#8221; _builder_version=&#8221;4.24.2&#8243; _module_preset=&#8221;default&#8221; width=&#8221;95%&#8221; width_tablet=&#8221;95%&#8221; width_phone=&#8221;90%&#8221; width_last_edited=&#8221;on|phone&#8221; custom_margin=&#8221;1px||||false|false&#8221; custom_padding=&#8221;35px||35px||true|false&#8221; custom_padding_tablet=&#8221;0px||30px||false|false&#8221; custom_padding_phone=&#8221;||24px||false|false&#8221; custom_css_main_element=&#8221;display: flex;||align-items: center;&#8221; global_colors_info=&#8221;{}&#8221; custom_css_main_element_last_edited=&#8221;on|phone&#8221; custom_css_main_element_tablet=&#8221;display: flex;||flex-direction: column;&#8221; custom_css_main_element_phone=&#8221;display: flex;||flex-direction: column;&#8221;][et_pb_column type=&#8221;1_2&#8243; _builder_version=&#8221;4.24.0&#8243; _module_preset=&#8221;default&#8221; global_colors_info=&#8221;{}&#8221;][et_pb_blurb title=&#8221;MOTORRA &#038; AKSESOR\u00cb&#8221; content_max_width=&#8221;100%&#8221; _builder_version=&#8221;4.24.2&#8243; _module_preset=&#8221;default&#8221; header_font=&#8221;Poppins|600|||||||&#8221; header_text_color=&#8221;#044386&#8243; header_font_size=&#8221;35px&#8221; header_line_height=&#8221;40px&#8221; body_font=&#8221;Poppins||||||||&#8221; body_text_color=&#8221;#000000&#8243; body_font_size=&#8221;18px&#8221; body_line_height=&#8221;30px&#8221; max_width=&#8221;600px&#8221; max_width_tablet=&#8221;100%&#8221; max_width_phone=&#8221;100%&#8221; max_width_last_edited=&#8221;on|desktop&#8221; custom_margin=&#8221;||24px||false|false&#8221; header_font_size_tablet=&#8221;26px&#8221; header_font_size_phone=&#8221;25px&#8221; header_font_size_last_edited=&#8221;on|tablet&#8221; header_line_height_tablet=&#8221;36px&#8221; header_line_height_phone=&#8221;32px&#8221; header_line_height_last_edited=&#8221;on|tablet&#8221; body_font_size_tablet=&#8221;15px&#8221; body_font_size_phone=&#8221;16px&#8221; body_font_size_last_edited=&#8221;on|phone&#8221; body_line_height_tablet=&#8221;25px&#8221; body_line_height_phone=&#8221;24px&#8221; body_line_height_last_edited=&#8221;on|tablet&#8221; custom_css_blurb_title=&#8221;padding-bottom: 16px;&#8221; locked=&#8221;off&#8221; global_colors_info=&#8221;{}&#8221; custom_css_blurb_title_last_edited=&#8221;on|tablet&#8221; custom_css_blurb_title_tablet=&#8221;padding-bottom: 13px;&#8221; custom_css_blurb_title_phone=&#8221;padding-bottom: 10px;&#8221;]<\/p>\n<p>Ofrojm\u00eb Motorra dhe Aksesor\u00eb p\u00ebr t\u00eb gjith\u00eb sistemet e automatizimit. Motorra p\u00ebr porta me krah\u00eb dhe porta me rr\u00ebshqitje. Motorra p\u00ebr qepena garazhi apo industrial.<\/p>\n<p>Aksesor\u00eb t\u00eb ndrysh\u00ebm p\u00ebr ju si: Telekomanda, paketa elektronike komandimi, foto-celula, sinjalizues, kremariera motorri, etj&#8230;<\/p>\n<p>Ju sh\u00ebrbejm\u00eb me profesionaliz\u00ebm dhe kujdes maksimal, p\u00ebr t\u00eb arritur k\u00ebnaq\u00ebsin\u00eb dhe plot\u00ebsimin e k\u00ebrkesave apo nevojave tuaja.<\/p>\n<p>[\/et_pb_blurb][\/et_pb_column][et_pb_column type=&#8221;1_2&#8243; _builder_version=&#8221;4.24.0&#8243; _module_preset=&#8221;default&#8221; global_colors_info=&#8221;{}&#8221;][et_pb_video src=&#8221;https:\/\/aldoautomatic.com\/wp-content\/uploads\/2024\/02\/Elektromotorr-VDS-per-Porte-Automatike.mp4&#8243; _builder_version=&#8221;4.27.5&#8243; _module_preset=&#8221;default&#8221; hover_enabled=&#8221;0&#8243; sticky_enabled=&#8221;0&#8243;][\/et_pb_video][\/et_pb_column][\/et_pb_row][et_pb_row column_structure=&#8221;1_2,1_2&#8243; use_custom_gutter=&#8221;on&#8221; custom_padding_last_edited=&#8221;on|desktop&#8221; _builder_version=&#8221;4.27.5&#8243; _module_preset=&#8221;default&#8221; width=&#8221;95%&#8221; width_tablet=&#8221;95%&#8221; width_phone=&#8221;90%&#8221; width_last_edited=&#8221;on|phone&#8221; custom_margin_tablet=&#8221;&#8221; custom_margin_phone=&#8221;-13px||||false|false&#8221; custom_margin_last_edited=&#8221;on|phone&#8221; custom_padding=&#8221;0px||50px||false|false&#8221; custom_padding_tablet=&#8221;||80px||false|false&#8221; custom_padding_phone=&#8221;||40px||false|false&#8221; hover_enabled=&#8221;0&#8243; custom_css_main_element=&#8221;display: flex;||align-items: center;&#8221; global_colors_info=&#8221;{}&#8221; custom_css_main_element_last_edited=&#8221;on|tablet&#8221; custom_css_main_element_tablet=&#8221;display: flex;||flex-direction: column;&#8221; custom_css_main_element_phone=&#8221;display: flex;||flex-direction: column;&#8221; custom_margin=&#8221;50px||30px||false|false&#8221; sticky_enabled=&#8221;0&#8243;][et_pb_column type=&#8221;1_2&#8243; _builder_version=&#8221;4.24.2&#8243; _module_preset=&#8221;default&#8221; custom_padding=&#8221;50px||0px||false|false&#8221; global_colors_info=&#8221;{}&#8221;][difl_imagegallery image_size=&#8221;original&#8221; image_to_display=&#8221;2&#8243; use_lightbox=&#8221;on&#8221; use_lightbox_content=&#8221;on&#8221; border_anim=&#8221;on&#8221; anm_border_margin=&#8221;5px&#8221; image_to_display_tablet=&#8221;3&#8243; image_to_display_phone=&#8221;1&#8243; image_to_display_last_edited=&#8221;on|phone&#8221; _builder_version=&#8221;4.24.2&#8243; _module_preset=&#8221;default&#8221; border_radii_filter_container=&#8221;on|1px|1px|1px|1px&#8221; border_width_all_filter_container=&#8221;2px&#8221; border_color_all_filter_container=&#8221;#000000&#8243; border_width_all_image=&#8221;1px&#8221; border_color_all_image=&#8221;#000000&#8243; global_colors_info=&#8221;{}&#8221;][difl_imagegalleryitem gallery_ids=&#8221;6128,6131,6132,6133&#8243; _builder_version=&#8221;4.24.2&#8243; _module_preset=&#8221;default&#8221; global_colors_info=&#8221;{}&#8221;][\/difl_imagegalleryitem][\/difl_imagegallery][\/et_pb_column][et_pb_column type=&#8221;1_2&#8243; _builder_version=&#8221;4.18.0&#8243; _module_preset=&#8221;default&#8221; global_colors_info=&#8221;{}&#8221;][et_pb_blurb title=&#8221;Ne ofrojm\u00eb sh\u00ebrbimet m\u00eb t\u00eb mira p\u00ebr ju.&#8221; content_max_width=&#8221;100%&#8221; _builder_version=&#8221;4.24.2&#8243; _module_preset=&#8221;default&#8221; header_font=&#8221;Poppins|600|||||||&#8221; header_text_color=&#8221;#044386&#8243; header_font_size=&#8221;28px&#8221; header_line_height=&#8221;40px&#8221; body_font=&#8221;Poppins||||||||&#8221; body_text_color=&#8221;#000000&#8243; body_font_size=&#8221;17px&#8221; body_line_height=&#8221;28px&#8221; custom_margin=&#8221;||24px||false|false&#8221; header_font_size_tablet=&#8221;26px&#8221; header_font_size_phone=&#8221;22px&#8221; header_font_size_last_edited=&#8221;on|tablet&#8221; header_line_height_tablet=&#8221;36px&#8221; header_line_height_phone=&#8221;32px&#8221; header_line_height_last_edited=&#8221;on|tablet&#8221; body_font_size_tablet=&#8221;15px&#8221; body_font_size_phone=&#8221;16px&#8221; body_font_size_last_edited=&#8221;on|phone&#8221; body_line_height_tablet=&#8221;25px&#8221; body_line_height_phone=&#8221;24px&#8221; body_line_height_last_edited=&#8221;on|tablet&#8221; custom_css_blurb_title=&#8221;padding-bottom: 16px;&#8221; global_colors_info=&#8221;{}&#8221; custom_css_blurb_title_last_edited=&#8221;on|tablet&#8221; custom_css_blurb_title_tablet=&#8221;padding-bottom: 13px;&#8221; custom_css_blurb_title_phone=&#8221;padding-bottom: 10px;&#8221;]<\/p>\n<p>Kujdesemi q\u00eb t\u00eb ofrojm\u00eb sh\u00ebrbime profesionale, t\u00eb garantuara p\u00ebr p\u00ebrdorimin e p\u00ebrditsh\u00ebm si dhe me kosto t\u00eb arsyeshme.<\/p>\n<p>[\/et_pb_blurb][et_pb_accordion open_toggle_text_color=&#8221;#e71926&#8243; open_toggle_background_color=&#8221;#FFFFFF&#8221; closed_toggle_background_color=&#8221;#203970&#8243; icon_color=&#8221;#FFFFFF&#8221; use_icon_font_size=&#8221;on&#8221; _builder_version=&#8221;4.24.2&#8243; _module_preset=&#8221;default&#8221; toggle_text_color=&#8221;#FFFFFF&#8221; toggle_font_size=&#8221;18px&#8221; closed_toggle_font_size=&#8221;17px&#8221; body_text_color=&#8221;#203970&#8243; body_font_size=&#8221;16px&#8221; locked=&#8221;off&#8221; global_colors_info=&#8221;{}&#8221;][et_pb_accordion_item title=&#8221;Shum\u00ebllojshm\u00ebri motorrash dhe aksesor\u00ebsh&#8221; open=&#8221;on&#8221; _builder_version=&#8221;4.24.2&#8243; _module_preset=&#8221;default&#8221; global_colors_info=&#8221;{}&#8221;]<\/p>\n<p>Operojm\u00eb aksesor\u00eb dhe elektro motorra t\u00eb ndrysh\u00ebm me \u00e7mime t\u00eb arsyeshme.<\/p>\n<p>[\/et_pb_accordion_item][et_pb_accordion_item title=&#8221;Motorra p\u00ebr porta me rr\u00ebshqitje ose kanata&#8221; _builder_version=&#8221;4.24.2&#8243; _module_preset=&#8221;default&#8221; global_colors_info=&#8221;{}&#8221; open=&#8221;off&#8221;]Prodhim cil\u00ebsor duke iu p\u00ebrshtatur ambjentit dhe nevoj\u00ebs tuaj.[\/et_pb_accordion_item][et_pb_accordion_item title=&#8221;Instalim Profesional&#8221; _builder_version=&#8221;4.24.2&#8243; _module_preset=&#8221;default&#8221; global_colors_info=&#8221;{}&#8221; open=&#8221;off&#8221;]<\/p>\n<p>Instalimi i Motorrit n\u00eb \u00e7do port\u00eb, n\u00eb m\u00ebnyr\u00eb profesionale.<\/p>\n<p>[\/et_pb_accordion_item][et_pb_accordion_item title=&#8221;Riparim dhe mir\u00ebmbajtje&#8221; _builder_version=&#8221;4.24.2&#8243; _module_preset=&#8221;default&#8221; global_colors_info=&#8221;{}&#8221; open=&#8221;off&#8221;]<\/p>\n<p>N\u00ebse keni probleme apo d\u00ebshironi t\u00eb mir\u00ebmbani Elektro-Motorrat tuaj, ne jua mund\u00ebsojm\u00eb k\u00ebt\u00eb sh\u00ebrbim me p\u00ebrkushtim dhe profesionaliz\u00ebm.<\/p>\n<p>[\/et_pb_accordion_item][\/et_pb_accordion][\/et_pb_column][\/et_pb_row][et_pb_row custom_padding_last_edited=&#8221;on|tablet&#8221; _builder_version=&#8221;4.24.2&#8243; _module_preset=&#8221;default&#8221; width=&#8221;95%&#8221; width_tablet=&#8221;95%&#8221; width_phone=&#8221;90%&#8221; width_last_edited=&#8221;on|phone&#8221; custom_margin=&#8221;10px||||false|false&#8221; custom_margin_tablet=&#8221;10px||||false|false&#8221; custom_margin_phone=&#8221;0px||0px||false|false&#8221; custom_margin_last_edited=&#8221;on|phone&#8221; custom_padding=&#8221;0px||36px||false|false&#8221; custom_padding_tablet=&#8221;||30px||false|false&#8221; custom_padding_phone=&#8221;0px||0px||false|false&#8221; locked=&#8221;off&#8221; global_colors_info=&#8221;{}&#8221;][et_pb_column type=&#8221;4_4&#8243; _builder_version=&#8221;4.18.0&#8243; _module_preset=&#8221;default&#8221; global_colors_info=&#8221;{}&#8221;][et_pb_blurb title=&#8221;Motorra dhe Aksesor\u00eb cil\u00ebsor\u00eb.&#8221; content_max_width=&#8221;100%&#8221; _builder_version=&#8221;4.24.2&#8243; _module_preset=&#8221;default&#8221; header_level=&#8221;h3&#8243; header_font=&#8221;Poppins|600|||||||&#8221; header_text_color=&#8221;#044386&#8243; header_font_size=&#8221;30px&#8221; header_line_height=&#8221;1.3em&#8221; body_font=&#8221;Poppins||||||||&#8221; body_text_color=&#8221;#000000&#8243; body_font_size=&#8221;18px&#8221; body_line_height=&#8221;1.8em&#8221; text_orientation=&#8221;center&#8221; max_width=&#8221;785px&#8221; module_alignment=&#8221;center&#8221; header_font_size_tablet=&#8221;26px&#8221; header_font_size_phone=&#8221;22px&#8221; header_font_size_last_edited=&#8221;on|phone&#8221; body_font_size_tablet=&#8221;15px&#8221; body_font_size_phone=&#8221;17px&#8221; body_font_size_last_edited=&#8221;on|phone&#8221; global_colors_info=&#8221;{}&#8221;]<\/p>\n<p>Ju sh\u00ebrbejm\u00eb kudo q\u00eb ndodheni n\u00eb Tiran\u00eb, Durr\u00ebs si dhe kudo n\u00eb Shqip\u00ebri.<\/p>\n<p>[\/et_pb_blurb][\/et_pb_column][\/et_pb_row][et_pb_row use_custom_gutter=&#8221;on&#8221; gutter_width=&#8221;2&#8243; custom_padding_last_edited=&#8221;on|phone&#8221; _builder_version=&#8221;4.24.2&#8243; _module_preset=&#8221;default&#8221; width=&#8221;95%&#8221; custom_margin=&#8221;||0px||false|false&#8221; custom_margin_tablet=&#8221;||0px||false|false&#8221; custom_margin_phone=&#8221;||-40px||false|false&#8221; custom_margin_last_edited=&#8221;on|phone&#8221; custom_padding_tablet=&#8221;&#8221; custom_padding_phone=&#8221;||0px||false|false&#8221; global_colors_info=&#8221;{}&#8221;][et_pb_column type=&#8221;4_4&#8243; _builder_version=&#8221;4.24.2&#8243; _module_preset=&#8221;default&#8221; global_colors_info=&#8221;{}&#8221;][et_pb_gallery gallery_ids=&#8221;6315,6316,6317,6318,6319,6321,6322,6323,6324,6325,6326,6327,6328&#8243; posts_number=&#8221;12&#8243; show_title_and_caption=&#8221;off&#8221; show_pagination=&#8221;off&#8221; _builder_version=&#8221;4.24.2&#8243; _module_preset=&#8221;default&#8221; title_text_color=&#8221;RGBA(255,255,255,0)&#8221; custom_margin=&#8221;||||false|false&#8221; custom_margin_tablet=&#8221;||||false|false&#8221; custom_margin_phone=&#8221;||||false|false&#8221; custom_margin_last_edited=&#8221;on|phone&#8221; custom_padding_tablet=&#8221;&#8221; custom_padding_phone=&#8221;||0px||false|false&#8221; custom_padding_last_edited=&#8221;on|phone&#8221; border_width_all_image=&#8221;1px&#8221; border_color_all_image=&#8221;#000000&#8243; global_colors_info=&#8221;{}&#8221;][\/et_pb_gallery][\/et_pb_column][\/et_pb_row][\/et_pb_section]<\/p>\n","protected":false},"excerpt":{"rendered":"<p>Ofrojm\u00eb Motorra dhe Aksesor\u00eb p\u00ebr t\u00eb gjith\u00eb sistemet e automatizimit. Motorra p\u00ebr porta me krah\u00eb dhe porta me rr\u00ebshqitje. Motorra p\u00ebr qepena garazhi apo industrial. Aksesor\u00eb t\u00eb ndrysh\u00ebm p\u00ebr ju si: Telekomanda, paketa elektronike komandimi, foto-celula, sinjalizues, kremariera motorri, etj&#8230; Ju sh\u00ebrbejm\u00eb me profesionaliz\u00ebm dhe kujdes maksimal, p\u00ebr t\u00eb arritur k\u00ebnaq\u00ebsin\u00eb dhe plot\u00ebsimin e k\u00ebrkesave [&hellip;]<\/p>\n","protected":false},"author":1,"featured_media":0,"parent":0,"menu_order":0,"comment_status":"closed","ping_status":"closed","template":"","meta":{"_et_pb_use_builder":"on","_et_pb_old_content":"","_et_gb_content_width":"","footnotes":""},"class_list":["post-5991","page","type-page","status-publish","hentry"],"aioseo_notices":[],"_links":{"self":[{"href":"http:\/\/aldoautomatic.com\/al\/wp-json\/wp\/v2\/pages\/5991","targetHints":{"allow":["GET"]}}],"collection":[{"href":"http:\/\/aldoautomatic.com\/al\/wp-json\/wp\/v2\/pages"}],"about":[{"href":"http:\/\/aldoautomatic.com\/al\/wp-json\/wp\/v2\/types\/page"}],"author":[{"embeddable":true,"href":"http:\/\/aldoautomatic.com\/al\/wp-json\/wp\/v2\/users\/1"}],"replies":[{"embeddable":true,"href":"http:\/\/aldoautomatic.com\/al\/wp-json\/wp\/v2\/comments?post=5991"}],"version-history":[{"count":1,"href":"http:\/\/aldoautomatic.com\/al\/wp-json\/wp\/v2\/pages\/5991\/revisions"}],"predecessor-version":[{"id":6566,"href":"http:\/\/aldoautomatic.com\/al\/wp-json\/wp\/v2\/pages\/5991\/revisions\/6566"}],"wp:attachment":[{"href":"http:\/\/aldoautomatic.com\/al\/wp-json\/wp\/v2\/media?parent=5991"}],"curies":[{"name":"wp","href":"https:\/\/api.w.org\/{rel}","templated":true}]}}